{"id":295,"date":"2018-05-22T23:42:50","date_gmt":"2018-05-22T23:42:50","guid":{"rendered":"https:\/\/www.landersandsternberg.com\/?page_id=295"},"modified":"2019-02-12T15:46:22","modified_gmt":"2019-02-12T15:46:22","slug":"m-parker-landers","status":"publish","type":"page","link":"https:\/\/www.landersandsternberg.com\/es\/m-parker-landers\/","title":{"rendered":"M. Parker Landers"},"content":{"rendered":"<div data-elementor-type=\"wp-post\" data-elementor-id=\"295\" class=\"elementor elementor-295 elementor-bc-flex-widget\" data-elementor-post-type=\"page\">\n\t\t\t\t\t\t<section class=\"elementor-section elementor-top-section elementor-element elementor-element-6c75cd01 elementor-section-full_width elementor-section-height-default elementor-section-height-default\" data-id=\"6c75cd01\" data-element_type=\"section\" data-e-type=\"section\" data-settings=\"{&quot;background_background&quot;:&quot;classic&quot;}\">\n\t\t\t\t\t\t\t<div class=\"elementor-background-overlay\"><\/div>\n\t\t\t\t\t\t\t<div class=\"elementor-container elementor-column-gap-default\">\n\t\t\t\t\t<div class=\"elementor-column elementor-col-50 elementor-top-column elementor-element elementor-element-7209bf7f\" data-id=\"7209bf7f\" data-element_type=\"column\" data-e-type=\"column\">\n\t\t\t<div class=\"elementor-widget-wrap elementor-element-populated\">\n\t\t\t\t\t\t<div class=\"elementor-element elementor-element-126984a elementor-widget elementor-widget-heading\" data-id=\"126984a\" data-element_type=\"widget\" data-e-type=\"widget\" data-widget_type=\"heading.default\">\n\t\t\t\t<div class=\"elementor-widget-container\">\n\t\t\t\t\t<h2 class=\"elementor-heading-title elementor-size-default\">M. Parker Landers<\/h2>\t\t\t\t<\/div>\n\t\t\t\t<\/div>\n\t\t\t\t<div class=\"elementor-element elementor-element-139c0936 elementor-widget-divider--view-line elementor-widget elementor-widget-divider\" data-id=\"139c0936\" data-element_type=\"widget\" data-e-type=\"widget\" data-widget_type=\"divider.default\">\n\t\t\t\t<div class=\"elementor-widget-container\">\n\t\t\t\t\t\t\t<div class=\"elementor-divider\">\n\t\t\t<span class=\"elementor-divider-separator\">\n\t\t\t\t\t\t<\/span>\n\t\t<\/div>\n\t\t\t\t\t\t<\/div>\n\t\t\t\t<\/div>\n\t\t\t\t<div class=\"elementor-element elementor-element-4df07f83 elementor-drop-cap-yes elementor-drop-cap-view-default elementor-widget elementor-widget-text-editor\" data-id=\"4df07f83\" data-element_type=\"widget\" data-e-type=\"widget\" data-settings=\"{&quot;drop_cap&quot;:&quot;yes&quot;}\" data-widget_type=\"text-editor.default\">\n\t\t\t\t<div class=\"elementor-widget-container\">\n\t\t\t\t\t\t\t\t\t<p>El Sr. Landers es un ex fiscal con experiencia significativa en juicios por jurado. Ha manejado cientos de casos penales como Asistente del Fiscal del Estado y ha representado al Estado de Florida en m\u00e1s de 20 juicios con jurado. Despu\u00e9s de dos a\u00f1os de trabajar en la Oficina del Fiscal del Estado del Condado de Brevard, se dio cuenta de que muchas de las personas acusadas de delitos eran buenas personas que simplemente hab\u00edan cometido un error. Por lo tanto, decidi\u00f3 renunciar a su cargo y comenz\u00f3 a ayudar a las personas que estaban en problemas legales.<br \/>Mr. Landers graduated from the University of Miami School of Law cum laude where he was awarded the Litigation Skills Faculty Scholarship Award. This honor is given out by a panel of local judges and attorneys who work with the law students to develop the skills needed to be a great litigator. This scholarship is awarded to the top student who demonstrated the most potential and professionalism in the courtroom. Mr. Landers was also a member of the Innocence Clinic and the Death Penalty Clinic while at UM Law. These clinics taught him a lot about the post-conviction process, namely the appeals process for serious crimes with newly discovered evidence as well as the sentencing process in general.<br \/>Parker received his Bachelor of Arts Degree in Psychology from the University of Miami in 2009 with an Academic Minor in Theater Arts. These undergraduate focuses helped him develop confidence in the courtroom by understanding how the mind works and how to captivate an audience.<br \/>When Parker isn\u2019t working on a case, he can be found producing music in his home studio, lifting weights, skateboarding, or reading a new book. He is also very passionate about raising awareness for mental health issues. He is the co-founder of Enblume Clothing, which is a brand dedicated to suicide prevention.<\/p>\t\t\t\t\t\t\t\t<\/div>\n\t\t\t\t<\/div>\n\t\t\t\t<div class=\"elementor-element elementor-element-2cfc5036 elementor-align-center elementor-widget elementor-widget-button\" data-id=\"2cfc5036\" data-element_type=\"widget\" data-e-type=\"widget\" data-widget_type=\"button.default\">\n\t\t\t\t<div class=\"elementor-widget-container\">\n\t\t\t\t\t\t\t\t\t<div class=\"elementor-button-wrapper\">\n\t\t\t\t\t<a class=\"elementor-button elementor-button-link elementor-size-sm\" href=\"http:\/\/www.landersandsternberg.com\/es\/blog\/\">\n\t\t\t\t\t\t<span class=\"elementor-button-content-wrapper\">\n\t\t\t\t\t\t\t\t\t<span class=\"elementor-button-text\">BLOG<\/span>\n\t\t\t\t\t<\/span>\n\t\t\t\t\t<\/a>\n\t\t\t\t<\/div>\n\t\t\t\t\t\t\t\t<\/div>\n\t\t\t\t<\/div>\n\t\t\t\t\t<\/div>\n\t\t<\/div>\n\t\t\t\t<div class=\"elementor-column elementor-col-50 elementor-top-column elementor-element elementor-element-101fc1e7\" data-id=\"101fc1e7\" data-element_type=\"column\" data-e-type=\"column\" data-settings=\"{&quot;background_background&quot;:&quot;classic&quot;}\">\n\t\t\t<div class=\"elementor-widget-wrap elementor-element-populated\">\n\t\t\t\t\t<div class=\"elementor-background-overlay\"><\/div>\n\t\t\t\t\t\t<div class=\"elementor-element elementor-element-1b070e81 elementor-widget elementor-widget-image\" data-id=\"1b070e81\" data-element_type=\"widget\" data-e-type=\"widget\" data-widget_type=\"image.default\">\n\t\t\t\t<div class=\"elementor-widget-container\">\n\t\t\t\t\t\t\t\t\t\t\t\t\t\t\t<img decoding=\"async\" class=\"lazyload\" src=\"data:image\/gif;base64,R0lGODlhAQABAIAAAAAAAP\/\/\/yH5BAEAAAAALAAAAAABAAEAAAIBRAA7\" data-src=\"https:\/\/www.landersandsternberg.com\/wp-content\/uploads\/2019\/01\/Fullbody-fence-Parker-2-500x1000.jpg\" title=\"Fullbody fence Parker 2\" alt=\"Fullbody fence Parker 2\" loading=\"lazy\" \/><noscript><img decoding=\"async\" class=\"lazyload\" src=\"https:\/\/www.landersandsternberg.com\/wp-content\/uploads\/2019\/01\/Fullbody-fence-Parker-2-500x1000.jpg\" title=\"Fullbody fence Parker 2\" alt=\"Fullbody fence Parker 2\" loading=\"lazy\" \/><\/noscript>\t\t\t\t\t\t\t\t\t\t\t\t\t\t\t<\/div>\n\t\t\t\t<\/div>\n\t\t\t\t\t<\/div>\n\t\t<\/div>\n\t\t\t\t\t<\/div>\n\t\t<\/section>\n\t\t\t\t<section class=\"elementor-section elementor-top-section elementor-element elementor-element-307f5bbb elementor-section-boxed elementor-section-height-default elementor-section-height-default\" data-id=\"307f5bbb\" data-element_type=\"section\" data-e-type=\"section\">\n\t\t\t\t\t\t<div class=\"elementor-container elementor-column-gap-default\">\n\t\t\t\t\t<div class=\"elementor-column elementor-col-50 elementor-top-column elementor-element elementor-element-7696c3af\" data-id=\"7696c3af\" data-element_type=\"column\" data-e-type=\"column\">\n\t\t\t<div class=\"elementor-widget-wrap elementor-element-populated\">\n\t\t\t\t\t\t<div class=\"elementor-element elementor-element-6d5f473e elementor-widget-divider--view-line elementor-widget elementor-widget-divider\" data-id=\"6d5f473e\" data-element_type=\"widget\" data-e-type=\"widget\" data-widget_type=\"divider.default\">\n\t\t\t\t<div class=\"elementor-widget-container\">\n\t\t\t\t\t\t\t<div class=\"elementor-divider\">\n\t\t\t<span class=\"elementor-divider-separator\">\n\t\t\t\t\t\t<\/span>\n\t\t<\/div>\n\t\t\t\t\t\t<\/div>\n\t\t\t\t<\/div>\n\t\t\t\t<div class=\"elementor-element elementor-element-1675261c elementor-widget elementor-widget-heading\" data-id=\"1675261c\" data-element_type=\"widget\" data-e-type=\"widget\" data-widget_type=\"heading.default\">\n\t\t\t\t<div class=\"elementor-widget-container\">\n\t\t\t\t\t<h2 class=\"elementor-heading-title elementor-size-default\"><h2>EDUCACI\u00d3N<\/h2><p><\/h2>\t\t\t\t<\/div>\n\t\t\t\t<\/div>\n\t\t\t\t<div class=\"elementor-element elementor-element-8a4ab93 elementor-widget elementor-widget-heading\" data-id=\"8a4ab93\" data-element_type=\"widget\" data-e-type=\"widget\" data-widget_type=\"heading.default\">\n\t\t\t\t<div class=\"elementor-widget-container\">\n\t\t\t\t\t<h2 class=\"elementor-heading-title elementor-size-default\"><h2><\/h2><p>University of Miami School of Law, Juris Doctor, 2013<br>University of Miami, B.A., Psychology, 2009<\/p><\/h2>\t\t\t\t<\/div>\n\t\t\t\t<\/div>\n\t\t\t\t<div class=\"elementor-element elementor-element-566f8b36 elementor-hidden-tablet elementor-hidden-phone elementor-widget-divider--view-line elementor-widget elementor-widget-divider\" data-id=\"566f8b36\" data-element_type=\"widget\" data-e-type=\"widget\" data-widget_type=\"divider.default\">\n\t\t\t\t<div class=\"elementor-widget-container\">\n\t\t\t\t\t\t\t<div class=\"elementor-divider\">\n\t\t\t<span class=\"elementor-divider-separator\">\n\t\t\t\t\t\t<\/span>\n\t\t<\/div>\n\t\t\t\t\t\t<\/div>\n\t\t\t\t<\/div>\n\t\t\t\t\t<\/div>\n\t\t<\/div>\n\t\t\t\t<div class=\"elementor-column elementor-col-50 elementor-top-column elementor-element elementor-element-11db0fa6\" data-id=\"11db0fa6\" data-element_type=\"column\" data-e-type=\"column\">\n\t\t\t<div class=\"elementor-widget-wrap elementor-element-populated\">\n\t\t\t\t\t\t<div class=\"elementor-element elementor-element-711d73e6 elementor-widget-divider--view-line elementor-widget elementor-widget-divider\" data-id=\"711d73e6\" data-element_type=\"widget\" data-e-type=\"widget\" data-widget_type=\"divider.default\">\n\t\t\t\t<div class=\"elementor-widget-container\">\n\t\t\t\t\t\t\t<div class=\"elementor-divider\">\n\t\t\t<span class=\"elementor-divider-separator\">\n\t\t\t\t\t\t<\/span>\n\t\t<\/div>\n\t\t\t\t\t\t<\/div>\n\t\t\t\t<\/div>\n\t\t\t\t<div class=\"elementor-element elementor-element-4ffc8c2e elementor-widget elementor-widget-heading\" data-id=\"4ffc8c2e\" data-element_type=\"widget\" data-e-type=\"widget\" data-widget_type=\"heading.default\">\n\t\t\t\t<div class=\"elementor-widget-container\">\n\t\t\t\t\t<h2 class=\"elementor-heading-title elementor-size-default\"><h2>ADMISI\u00d3N DEL BAR<\/h2>\n\n<\/h2>\t\t\t\t<\/div>\n\t\t\t\t<\/div>\n\t\t\t\t<div class=\"elementor-element elementor-element-349a8584 elementor-widget elementor-widget-heading\" data-id=\"349a8584\" data-element_type=\"widget\" data-e-type=\"widget\" data-widget_type=\"heading.default\">\n\t\t\t\t<div class=\"elementor-widget-container\">\n\t\t\t\t\t<h2 class=\"elementor-heading-title elementor-size-default\"><h2><\/h2>Admitido en Florida, 2014<br>\n\n<\/h2>\t\t\t\t<\/div>\n\t\t\t\t<\/div>\n\t\t\t\t<div class=\"elementor-element elementor-element-3743f436 elementor-widget-divider--view-line elementor-widget elementor-widget-divider\" data-id=\"3743f436\" data-element_type=\"widget\" data-e-type=\"widget\" data-widget_type=\"divider.default\">\n\t\t\t\t<div class=\"elementor-widget-container\">\n\t\t\t\t\t\t\t<div class=\"elementor-divider\">\n\t\t\t<span class=\"elementor-divider-separator\">\n\t\t\t\t\t\t<\/span>\n\t\t<\/div>\n\t\t\t\t\t\t<\/div>\n\t\t\t\t<\/div>\n\t\t\t\t\t<\/div>\n\t\t<\/div>\n\t\t\t\t\t<\/div>\n\t\t<\/section>\n\t\t\t\t<section class=\"elementor-section elementor-top-section elementor-element elementor-element-a7cf581 elementor-section-stretched elementor-section-full_width elementor-section-height-default elementor-section-height-default\" data-id=\"a7cf581\" data-element_type=\"section\" data-e-type=\"section\" data-settings=\"{&quot;stretch_section&quot;:&quot;section-stretched&quot;,&quot;background_background&quot;:&quot;classic&quot;}\">\n\t\t\t\t\t\t<div class=\"elementor-container elementor-column-gap-default\">\n\t\t\t\t\t<div class=\"elementor-column elementor-col-100 elementor-top-column elementor-element elementor-element-60a375c7\" data-id=\"60a375c7\" data-element_type=\"column\" data-e-type=\"column\">\n\t\t\t<div class=\"elementor-widget-wrap elementor-element-populated\">\n\t\t\t\t\t\t<div class=\"elementor-element elementor-element-440db913 elementor-widget elementor-widget-text-editor\" data-id=\"440db913\" data-element_type=\"widget\" data-e-type=\"widget\" data-widget_type=\"text-editor.default\">\n\t\t\t\t<div class=\"elementor-widget-container\">\n\t\t\t\t\t\t\t\t\t<p style=\"text-align: center;\">Estaremos encantados de responder cualquier pregunta sobre nuestros servicios y la situaci\u00f3n legal que pueda estar enfrentando. \u00a1Te podemos ayudar!\u00a0 <br \/>Brindamos consultas gratuitas. \u00a1Te podemos ayudar!<\/p>\t\t\t\t\t\t\t\t<\/div>\n\t\t\t\t<\/div>\n\t\t\t\t<div class=\"elementor-element elementor-element-4994afa7 elementor-align-center elementor-widget elementor-widget-button\" data-id=\"4994afa7\" data-element_type=\"widget\" data-e-type=\"widget\" data-widget_type=\"button.default\">\n\t\t\t\t<div class=\"elementor-widget-container\">\n\t\t\t\t\t\t\t\t\t<div class=\"elementor-button-wrapper\">\n\t\t\t\t\t<a class=\"elementor-button elementor-button-link elementor-size-md elementor-animation-grow\" href=\"tel:4074951893\">\n\t\t\t\t\t\t<span class=\"elementor-button-content-wrapper\">\n\t\t\t\t\t\t\t\t\t<span class=\"elementor-button-text\">(407) 495-1893<\/span>\n\t\t\t\t\t<\/span>\n\t\t\t\t\t<\/a>\n\t\t\t\t<\/div>\n\t\t\t\t\t\t\t\t<\/div>\n\t\t\t\t<\/div>\n\t\t\t\t\t<\/div>\n\t\t<\/div>\n\t\t\t\t\t<\/div>\n\t\t<\/section>\n\t\t\t\t<\/div>","protected":false},"excerpt":{"rendered":"<p>M. Parker Landers Mr.\u00a0Landers is a former prosecutor with significant jury trial experience. He has handled hundreds of criminal cases as an Assistant State Attorney and represented the State of Florida at more than 20 jury trials. After two years of working at the Brevard County State Attorney\u2019s Office, he realized that many of the [&hellip;]<\/p>\n","protected":false},"author":3,"featured_media":0,"parent":0,"menu_order":0,"comment_status":"closed","ping_status":"closed","template":"","meta":{"_acf_changed":false,"nf_dc_page":"","footnotes":""},"class_list":["post-295","page","type-page","status-publish","hentry","entry"],"acf":[],"_links":{"self":[{"href":"https:\/\/www.landersandsternberg.com\/es\/wp-json\/wp\/v2\/pages\/295","targetHints":{"allow":["GET"]}}],"collection":[{"href":"https:\/\/www.landersandsternberg.com\/es\/wp-json\/wp\/v2\/pages"}],"about":[{"href":"https:\/\/www.landersandsternberg.com\/es\/wp-json\/wp\/v2\/types\/page"}],"author":[{"embeddable":true,"href":"https:\/\/www.landersandsternberg.com\/es\/wp-json\/wp\/v2\/users\/3"}],"replies":[{"embeddable":true,"href":"https:\/\/www.landersandsternberg.com\/es\/wp-json\/wp\/v2\/comments?post=295"}],"version-history":[{"count":16,"href":"https:\/\/www.landersandsternberg.com\/es\/wp-json\/wp\/v2\/pages\/295\/revisions"}],"predecessor-version":[{"id":1461,"href":"https:\/\/www.landersandsternberg.com\/es\/wp-json\/wp\/v2\/pages\/295\/revisions\/1461"}],"wp:attachment":[{"href":"https:\/\/www.landersandsternberg.com\/es\/wp-json\/wp\/v2\/media?parent=295"}],"curies":[{"name":"wp","href":"https:\/\/api.w.org\/{rel}","templated":true}]}}