{"id":1114,"date":"2019-01-25T20:02:51","date_gmt":"2019-01-25T20:02:51","guid":{"rendered":"https:\/\/www.landersandsternberg.com\/?page_id=1114"},"modified":"2020-05-14T21:46:02","modified_gmt":"2020-05-14T21:46:02","slug":"mission-statement","status":"publish","type":"page","link":"https:\/\/www.landersandsternberg.com\/es\/mission-statement\/","title":{"rendered":"Declaraci\u00f3n de la Misi\u00f3n"},"content":{"rendered":"<div data-elementor-type=\"wp-post\" data-elementor-id=\"1114\" class=\"elementor elementor-1114\" data-elementor-post-type=\"page\">\n\t\t\t\t\t\t<section class=\"elementor-section elementor-top-section elementor-element elementor-element-2636bf7b elementor-section-height-min-height elementor-section-content-middle elementor-section-stretched elementor-section-boxed elementor-section-height-default elementor-section-items-middle\" data-id=\"2636bf7b\" data-element_type=\"section\" data-e-type=\"section\" data-settings=\"{&quot;background_background&quot;:&quot;classic&quot;,&quot;stretch_section&quot;:&quot;section-stretched&quot;}\">\n\t\t\t\t\t\t\t<div class=\"elementor-background-overlay\"><\/div>\n\t\t\t\t\t\t\t<div class=\"elementor-container elementor-column-gap-no\">\n\t\t\t\t\t<div class=\"elementor-column elementor-col-100 elementor-top-column elementor-element elementor-element-66a229fb\" data-id=\"66a229fb\" data-element_type=\"column\" data-e-type=\"column\">\n\t\t\t<div class=\"elementor-widget-wrap elementor-element-populated\">\n\t\t\t\t\t\t<div class=\"elementor-element elementor-element-3d7345d elementor-widget elementor-widget-heading\" data-id=\"3d7345d\" data-element_type=\"widget\" data-e-type=\"widget\" data-widget_type=\"heading.default\">\n\t\t\t\t<div class=\"elementor-widget-container\">\n\t\t\t\t\t<h2 class=\"elementor-heading-title elementor-size-default\">\"It takes a hero to fight for a cause, for an idea, for integrity, for a country. Lawyers are frontline warriors in these battles.\" <br>- Roy Black<\/h2>\t\t\t\t<\/div>\n\t\t\t\t<\/div>\n\t\t\t\t\t<\/div>\n\t\t<\/div>\n\t\t\t\t\t<\/div>\n\t\t<\/section>\n\t\t\t\t<section class=\"elementor-section elementor-top-section elementor-element elementor-element-61d08eae elementor-section-stretched elementor-section-boxed elementor-section-height-default elementor-section-height-default\" data-id=\"61d08eae\" data-element_type=\"section\" data-e-type=\"section\" data-settings=\"{&quot;stretch_section&quot;:&quot;section-stretched&quot;}\">\n\t\t\t\t\t\t<div class=\"elementor-container elementor-column-gap-default\">\n\t\t\t\t\t<div class=\"elementor-column elementor-col-100 elementor-top-column elementor-element elementor-element-2982a412\" data-id=\"2982a412\" data-element_type=\"column\" data-e-type=\"column\">\n\t\t\t<div class=\"elementor-widget-wrap elementor-element-populated\">\n\t\t\t\t\t\t<div class=\"elementor-element elementor-element-91bba86 elementor-widget elementor-widget-menu-anchor\" data-id=\"91bba86\" data-element_type=\"widget\" data-e-type=\"widget\" data-widget_type=\"menu-anchor.default\">\n\t\t\t\t<div class=\"elementor-widget-container\">\n\t\t\t\t\t\t\t<div class=\"elementor-menu-anchor\" id=\"ABOUTFIRM\"><\/div>\n\t\t\t\t\t\t<\/div>\n\t\t\t\t<\/div>\n\t\t\t\t<div class=\"elementor-element elementor-element-32f0988 elementor-widget elementor-widget-text-editor\" data-id=\"32f0988\" data-element_type=\"widget\" data-e-type=\"widget\" data-widget_type=\"text-editor.default\">\n\t\t\t\t<div class=\"elementor-widget-container\">\n\t\t\t\t\t\t\t\t\t<div data-block=\"true\" data-editor=\"e3jae\" data-offset-key=\"e7pkr-0-0\"><div data-offset-key=\"e7pkr-0-0\"><span data-offset-key=\"e7pkr-2-0\">Una firma de abogados es una entidad muy especial y \u00fanica. Nuestro trabajo es entender los complejos estatutos y opiniones de los tribunales para aplicarlos a los asuntos espec\u00edficos que nuestros clientes nos traen. Sin embargo, creemos que tambi\u00e9n es imperativo ser consejeros y asesores de nuestros clientes. Hay muchos tipos diferentes de firmas con varios objetivos, t\u00e1cticas y nichos. Nuestra misi\u00f3n en Landers &amp; Sternberg PLLC es<\/span><span data-offset-key=\"294qm-2-0\">\u00a0luchar por los mejores intereses de nuestros clientes para ayudarles a seguir adelante con sus vidas o negocios. Nos dedicamos a sus problemas y los hacemos nuestros. Utilizamos nuestros muchos recursos, incluyendo una vasta red de abogados, asistentes legales, plataformas de investigaci\u00f3n, libros y mentores, para encontrar la soluci\u00f3n a su problema.<\/span><\/div><div data-offset-key=\"e7pkr-0-0\"><span data-offset-key=\"294qm-2-0\">\u00a0<\/span><\/div><\/div><div data-block=\"true\" data-editor=\"e3jae\" data-offset-key=\"ebudo-0-0\"><div data-offset-key=\"ebudo-0-0\"><span data-offset-key=\"ebudo-0-0\">Para hacer<\/span><span data-offset-key=\"ebudo-1-0\"> enfrentar este reto, estamos atentos en el despliegue de nuestro equipo legal. Damos a cada cliente la atenci\u00f3n personal necesaria para conquistar los desaf\u00edos de su situaci\u00f3n legal.<\/span><span data-offset-key=\"ebudo-2-0\">. Nuestros puntos fuertes residen en nuestra comunicaci\u00f3n, capacidad de investigaci\u00f3n y determinaci\u00f3n. No s\u00f3lo buscamos conseguir los resultados que nuestros clientes desean, sino que tambi\u00e9n nos centramos en educarlos a lo largo del proceso. El conocimiento es el verdadero poder.<\/span><\/div><\/div><div data-block=\"true\" data-editor=\"e3jae\" data-offset-key=\"b98u4-0-0\"><div data-offset-key=\"b98u4-0-0\"><span data-offset-key=\"b98u4-0-0\">\u00a0<\/span><\/div><\/div><div data-block=\"true\" data-editor=\"e3jae\" data-offset-key=\"fnr2s-0-0\"><div data-offset-key=\"fnr2s-0-0\"><span data-offset-key=\"fnr2s-0-0\">Al final del d\u00eda, estamos aqu\u00ed para ayudarte. Esa es nuestra misi\u00f3n simplificada. As\u00ed que por favor no dude en llamarnos para hacer una consulta gratuita y averiguar c\u00f3mo podemos ayudarle.<\/span><span style=\"font-size: 18px;\">si\u00e9ntase libre de explorar nuestro sitio web (incluyendo nuestro\u00a0<\/span><a style=\"font-size: 18px; background-color: #ffffff;\" href=\"htpps:\/\/www.landersandsternberg.com\/blog\" target=\"_blank\" rel=\"noopener\">blog<\/a><span style=\"font-size: 18px;\">) <\/span><span style=\"font-size: 18px;\">para obtener m\u00e1s detalles sobre nuestra firma.\u00a0<\/span><\/div><div data-offset-key=\"fnr2s-0-0\">\u00a0<\/div><div data-offset-key=\"fnr2s-0-0\">Sinceramente,\u00a0<\/div><div data-offset-key=\"fnr2s-0-0\">\u00a0<\/div><div data-offset-key=\"fnr2s-0-0\">&#8211; Joseph M. Sternberg<\/div><div data-offset-key=\"fnr2s-0-0\">\u00a0<\/div><div data-offset-key=\"fnr2s-0-0\">&#8211; M. Parker Landers<\/div><\/div>\t\t\t\t\t\t\t\t<\/div>\n\t\t\t\t<\/div>\n\t\t\t\t\t<\/div>\n\t\t<\/div>\n\t\t\t\t\t<\/div>\n\t\t<\/section>\n\t\t\t\t<section class=\"elementor-section elementor-top-section elementor-element elementor-element-543b71ca elementor-section-stretched elementor-section-full_width elementor-section-height-default elementor-section-height-default\" data-id=\"543b71ca\" data-element_type=\"section\" data-e-type=\"section\" data-settings=\"{&quot;stretch_section&quot;:&quot;section-stretched&quot;,&quot;background_background&quot;:&quot;classic&quot;}\">\n\t\t\t\t\t\t<div class=\"elementor-container elementor-column-gap-default\">\n\t\t\t\t\t<div class=\"elementor-column elementor-col-100 elementor-top-column elementor-element elementor-element-651d8426\" data-id=\"651d8426\" data-element_type=\"column\" data-e-type=\"column\">\n\t\t\t<div class=\"elementor-widget-wrap elementor-element-populated\">\n\t\t\t\t\t\t<div class=\"elementor-element elementor-element-5bdc87b9 elementor-widget elementor-widget-text-editor\" data-id=\"5bdc87b9\" data-element_type=\"widget\" data-e-type=\"widget\" data-widget_type=\"text-editor.default\">\n\t\t\t\t<div class=\"elementor-widget-container\">\n\t\t\t\t\t\t\t\t\t<p style=\"text-align: center;\">Estamos encantados de responder a sus preguntas sobre nuestros servicios y la situaci\u00f3n legal a la que se enfrenta.\u00a0 \u00a1Podemos ayudarle!<\/p>\t\t\t\t\t\t\t\t<\/div>\n\t\t\t\t<\/div>\n\t\t\t\t<div class=\"elementor-element elementor-element-66a17bf elementor-align-center elementor-widget elementor-widget-button\" data-id=\"66a17bf\" data-element_type=\"widget\" data-e-type=\"widget\" data-widget_type=\"button.default\">\n\t\t\t\t<div class=\"elementor-widget-container\">\n\t\t\t\t\t\t\t\t\t<div class=\"elementor-button-wrapper\">\n\t\t\t\t\t<a class=\"elementor-button elementor-button-link elementor-size-md elementor-animation-grow\" href=\"tel:4074951893\">\n\t\t\t\t\t\t<span class=\"elementor-button-content-wrapper\">\n\t\t\t\t\t\t\t\t\t<span class=\"elementor-button-text\">(407) 495-1893<\/span>\n\t\t\t\t\t<\/span>\n\t\t\t\t\t<\/a>\n\t\t\t\t<\/div>\n\t\t\t\t\t\t\t\t<\/div>\n\t\t\t\t<\/div>\n\t\t\t\t\t<\/div>\n\t\t<\/div>\n\t\t\t\t\t<\/div>\n\t\t<\/section>\n\t\t\t\t<section class=\"elementor-section elementor-top-section elementor-element elementor-element-693a0e81 elementor-section-stretched elementor-section-full_width elementor-section-height-default elementor-section-height-default\" data-id=\"693a0e81\" data-element_type=\"section\" data-e-type=\"section\" data-settings=\"{&quot;stretch_section&quot;:&quot;section-stretched&quot;}\">\n\t\t\t\t\t\t<div class=\"elementor-container elementor-column-gap-default\">\n\t\t\t\t\t<div class=\"elementor-column elementor-col-100 elementor-top-column elementor-element elementor-element-5e65ba86\" data-id=\"5e65ba86\" data-element_type=\"column\" data-e-type=\"column\">\n\t\t\t<div class=\"elementor-widget-wrap\">\n\t\t\t\t\t\t\t<\/div>\n\t\t<\/div>\n\t\t\t\t\t<\/div>\n\t\t<\/section>\n\t\t\t\t<\/div>","protected":false},"excerpt":{"rendered":"<p>&#8220;It takes a hero to fight for a cause, for an idea, for integrity, for a country. Lawyers are frontline warriors in these battles.&#8221; &#8211; Roy Black MISSION STATEMENT A law firm is a very special entity. Our job is to understand complex statutes and court opinions in order to apply them to the specific [&hellip;]<\/p>\n","protected":false},"author":3,"featured_media":0,"parent":0,"menu_order":0,"comment_status":"closed","ping_status":"closed","template":"","meta":{"_acf_changed":false,"nf_dc_page":"","footnotes":""},"class_list":["post-1114","page","type-page","status-publish","hentry","entry"],"acf":[],"_links":{"self":[{"href":"https:\/\/www.landersandsternberg.com\/es\/wp-json\/wp\/v2\/pages\/1114","targetHints":{"allow":["GET"]}}],"collection":[{"href":"https:\/\/www.landersandsternberg.com\/es\/wp-json\/wp\/v2\/pages"}],"about":[{"href":"https:\/\/www.landersandsternberg.com\/es\/wp-json\/wp\/v2\/types\/page"}],"author":[{"embeddable":true,"href":"https:\/\/www.landersandsternberg.com\/es\/wp-json\/wp\/v2\/users\/3"}],"replies":[{"embeddable":true,"href":"https:\/\/www.landersandsternberg.com\/es\/wp-json\/wp\/v2\/comments?post=1114"}],"version-history":[{"count":19,"href":"https:\/\/www.landersandsternberg.com\/es\/wp-json\/wp\/v2\/pages\/1114\/revisions"}],"predecessor-version":[{"id":2259,"href":"https:\/\/www.landersandsternberg.com\/es\/wp-json\/wp\/v2\/pages\/1114\/revisions\/2259"}],"wp:attachment":[{"href":"https:\/\/www.landersandsternberg.com\/es\/wp-json\/wp\/v2\/media?parent=1114"}],"curies":[{"name":"wp","href":"https:\/\/api.w.org\/{rel}","templated":true}]}}